{"id":385,"date":"2024-08-12T12:29:04","date_gmt":"2024-08-12T08:59:04","guid":{"rendered":"https:\/\/ibne-sina.com\/maleicanhydride\/"},"modified":"2025-01-06T00:59:56","modified_gmt":"2025-01-05T21:29:56","slug":"maleicanhydride","status":"publish","type":"page","link":"https:\/\/ibne-sina.com\/en\/maleicanhydride\/","title":{"rendered":"Maleic Anhydride"},"content":{"rendered":"\n<pre class=\"wp-block-preformatted\">MaleicAnhydride<\/pre>\n\n<p><\/p>\n","protected":false},"excerpt":{"rendered":"<p>MaleicAnhydride<\/p>\n","protected":false},"author":1,"featured_media":0,"parent":0,"menu_order":0,"comment_status":"closed","ping_status":"closed","template":"templates\/page-maleic-anhydride.php","meta":{"footnotes":""},"class_list":["post-385","page","type-page","status-publish","hentry"],"yoast_head":"<!-- This site is optimized with the Yoast SEO Premium plugin v24.1 (Yoast SEO v24.1) - https:\/\/yoast.com\/wordpress\/plugins\/seo\/ -->\n<title>High qulity Maleic Anhydride from Iran<\/title>\n<meta name=\"description\" content=\"Maleik Anhidrit, Ibn Sina Petrokimya \u015eirketi&#039;nin ana \u00fcr\u00fcnlerinden biri olup, end\u00fcstriyel s\u00fcre\u00e7lerde ara madde olarak kullan\u0131l\u0131r.\" \/>\n<meta name=\"robots\" content=\"index, follow, max-snippet:-1, max-image-preview:large, max-video-preview:-1\" \/>\n<link rel=\"canonical\" href=\"https:\/\/ibne-sina.com\/en\/maleicanhydride\/\" \/>\n<meta property=\"og:locale\" content=\"en_US\" \/>\n<meta property=\"og:type\" content=\"article\" \/>\n<meta property=\"og:title\" content=\"Maleic Anhydride\" \/>\n<meta property=\"og:description\" content=\"Maleik Anhidrit, Ibn Sina Petrokimya \u015eirketi&#039;nin ana \u00fcr\u00fcnlerinden biri olup, end\u00fcstriyel s\u00fcre\u00e7lerde ara madde olarak kullan\u0131l\u0131r.\" \/>\n<meta property=\"og:url\" content=\"https:\/\/ibne-sina.com\/en\/maleicanhydride\/\" \/>\n<meta property=\"og:site_name\" content=\"Ibn Sina Petrochemical Company\" \/>\n<meta property=\"article:modified_time\" content=\"2025-01-05T21:29:56+00:00\" \/>\n<meta name=\"twitter:card\" content=\"summary_large_image\" \/>\n<script type=\"application\/ld+json\" class=\"yoast-schema-graph\">{\"@context\":\"https:\/\/schema.org\",\"@graph\":[{\"@type\":\"WebPage\",\"@id\":\"https:\/\/ibne-sina.com\/en\/maleicanhydride\/\",\"url\":\"https:\/\/ibne-sina.com\/en\/maleicanhydride\/\",\"name\":\"High qulity Maleic Anhydride from Iran\",\"isPartOf\":{\"@id\":\"https:\/\/ibne-sina.com\/en\/#website\"},\"datePublished\":\"2024-08-12T08:59:04+00:00\",\"dateModified\":\"2025-01-05T21:29:56+00:00\",\"description\":\"Maleik Anhidrit, Ibn Sina Petrokimya \u015eirketi'nin ana \u00fcr\u00fcnlerinden biri olup, end\u00fcstriyel s\u00fcre\u00e7lerde ara madde olarak kullan\u0131l\u0131r.\",\"breadcrumb\":{\"@id\":\"https:\/\/ibne-sina.com\/en\/maleicanhydride\/#breadcrumb\"},\"inLanguage\":\"en-US\",\"potentialAction\":[{\"@type\":\"ReadAction\",\"target\":[\"https:\/\/ibne-sina.com\/en\/maleicanhydride\/\"]}]},{\"@type\":\"BreadcrumbList\",\"@id\":\"https:\/\/ibne-sina.com\/en\/maleicanhydride\/#breadcrumb\",\"itemListElement\":[{\"@type\":\"ListItem\",\"position\":1,\"name\":\"home\",\"item\":\"https:\/\/ibne-sina.com\/en\/\"},{\"@type\":\"ListItem\",\"position\":2,\"name\":\"Maleic Anhydride\"}]},{\"@type\":\"WebSite\",\"@id\":\"https:\/\/ibne-sina.com\/en\/#website\",\"url\":\"https:\/\/ibne-sina.com\/en\/\",\"name\":\"Ibn Sina Petrochemical Company\",\"description\":\"\",\"potentialAction\":[{\"@type\":\"SearchAction\",\"target\":{\"@type\":\"EntryPoint\",\"urlTemplate\":\"https:\/\/ibne-sina.com\/en\/?s={search_term_string}\"},\"query-input\":{\"@type\":\"PropertyValueSpecification\",\"valueRequired\":true,\"valueName\":\"search_term_string\"}}],\"inLanguage\":\"en-US\"}]}<\/script>\n<!-- \/ Yoast SEO Premium plugin. -->","yoast_head_json":{"title":"High qulity Maleic Anhydride from Iran","description":"Maleik Anhidrit, Ibn Sina Petrokimya \u015eirketi'nin ana \u00fcr\u00fcnlerinden biri olup, end\u00fcstriyel s\u00fcre\u00e7lerde ara madde olarak kullan\u0131l\u0131r.","robots":{"index":"index","follow":"follow","max-snippet":"max-snippet:-1","max-image-preview":"max-image-preview:large","max-video-preview":"max-video-preview:-1"},"canonical":"https:\/\/ibne-sina.com\/en\/maleicanhydride\/","og_locale":"en_US","og_type":"article","og_title":"Maleic Anhydride","og_description":"Maleik Anhidrit, Ibn Sina Petrokimya \u015eirketi'nin ana \u00fcr\u00fcnlerinden biri olup, end\u00fcstriyel s\u00fcre\u00e7lerde ara madde olarak kullan\u0131l\u0131r.","og_url":"https:\/\/ibne-sina.com\/en\/maleicanhydride\/","og_site_name":"Ibn Sina Petrochemical Company","article_modified_time":"2025-01-05T21:29:56+00:00","twitter_card":"summary_large_image","schema":{"@context":"https:\/\/schema.org","@graph":[{"@type":"WebPage","@id":"https:\/\/ibne-sina.com\/en\/maleicanhydride\/","url":"https:\/\/ibne-sina.com\/en\/maleicanhydride\/","name":"High qulity Maleic Anhydride from Iran","isPartOf":{"@id":"https:\/\/ibne-sina.com\/en\/#website"},"datePublished":"2024-08-12T08:59:04+00:00","dateModified":"2025-01-05T21:29:56+00:00","description":"Maleik Anhidrit, Ibn Sina Petrokimya \u015eirketi'nin ana \u00fcr\u00fcnlerinden biri olup, end\u00fcstriyel s\u00fcre\u00e7lerde ara madde olarak kullan\u0131l\u0131r.","breadcrumb":{"@id":"https:\/\/ibne-sina.com\/en\/maleicanhydride\/#breadcrumb"},"inLanguage":"en-US","potentialAction":[{"@type":"ReadAction","target":["https:\/\/ibne-sina.com\/en\/maleicanhydride\/"]}]},{"@type":"BreadcrumbList","@id":"https:\/\/ibne-sina.com\/en\/maleicanhydride\/#breadcrumb","itemListElement":[{"@type":"ListItem","position":1,"name":"home","item":"https:\/\/ibne-sina.com\/en\/"},{"@type":"ListItem","position":2,"name":"Maleic Anhydride"}]},{"@type":"WebSite","@id":"https:\/\/ibne-sina.com\/en\/#website","url":"https:\/\/ibne-sina.com\/en\/","name":"Ibn Sina Petrochemical Company","description":"","potentialAction":[{"@type":"SearchAction","target":{"@type":"EntryPoint","urlTemplate":"https:\/\/ibne-sina.com\/en\/?s={search_term_string}"},"query-input":{"@type":"PropertyValueSpecification","valueRequired":true,"valueName":"search_term_string"}}],"inLanguage":"en-US"}]}},"_links":{"self":[{"href":"https:\/\/ibne-sina.com\/en\/wp-json\/wp\/v2\/pages\/385","targetHints":{"allow":["GET"]}}],"collection":[{"href":"https:\/\/ibne-sina.com\/en\/wp-json\/wp\/v2\/pages"}],"about":[{"href":"https:\/\/ibne-sina.com\/en\/wp-json\/wp\/v2\/types\/page"}],"author":[{"embeddable":true,"href":"https:\/\/ibne-sina.com\/en\/wp-json\/wp\/v2\/users\/1"}],"replies":[{"embeddable":true,"href":"https:\/\/ibne-sina.com\/en\/wp-json\/wp\/v2\/comments?post=385"}],"version-history":[{"count":2,"href":"https:\/\/ibne-sina.com\/en\/wp-json\/wp\/v2\/pages\/385\/revisions"}],"predecessor-version":[{"id":503,"href":"https:\/\/ibne-sina.com\/en\/wp-json\/wp\/v2\/pages\/385\/revisions\/503"}],"wp:attachment":[{"href":"https:\/\/ibne-sina.com\/en\/wp-json\/wp\/v2\/media?parent=385"}],"curies":[{"name":"wp","href":"https:\/\/api.w.org\/{rel}","templated":true}]}}