{"id":269,"date":"2024-08-11T19:23:09","date_gmt":"2024-08-11T15:53:09","guid":{"rendered":"https:\/\/ibne-sina.programchi.com\/about\/"},"modified":"2025-01-06T01:13:07","modified_gmt":"2025-01-05T21:43:07","slug":"about","status":"publish","type":"page","link":"https:\/\/ibne-sina.com\/tr\/about\/","title":{"rendered":"Hakk\u0131m\u0131zda"},"content":{"rendered":"","protected":false},"excerpt":{"rendered":"","protected":false},"author":1,"featured_media":0,"parent":0,"menu_order":0,"comment_status":"closed","ping_status":"closed","template":"page-about.php","meta":{"footnotes":""},"class_list":["post-269","page","type-page","status-publish","hentry"],"yoast_head":"<!-- This site is optimized with the Yoast SEO Premium plugin v24.1 (Yoast SEO v24.1) - https:\/\/yoast.com\/wordpress\/plugins\/seo\/ -->\n<title>Hakk\u0131m\u0131zda - Ibn Sina Petrokimya \u015eirketi<\/title>\n<meta name=\"description\" content=\"Ibne Sina Petrokimya \u015eirketi, uzman y\u00f6netim ve teknik ekibi sayesinde \u0130ran&#039;\u0131n petrokimya end\u00fcstrisinin geli\u015fiminde \u00f6nemli ilerlemeler kaydetmi\u015ftir.\" \/>\n<meta name=\"robots\" content=\"index, follow, max-snippet:-1, max-image-preview:large, max-video-preview:-1\" \/>\n<link rel=\"canonical\" href=\"https:\/\/ibne-sina.com\/tr\/about\/\" \/>\n<meta property=\"og:locale\" content=\"tr_TR\" \/>\n<meta property=\"og:type\" content=\"article\" \/>\n<meta property=\"og:title\" content=\"Hakk\u0131m\u0131zda\" \/>\n<meta property=\"og:description\" content=\"Ibne Sina Petrokimya \u015eirketi, uzman y\u00f6netim ve teknik ekibi sayesinde \u0130ran&#039;\u0131n petrokimya end\u00fcstrisinin geli\u015fiminde \u00f6nemli ilerlemeler kaydetmi\u015ftir.\" \/>\n<meta property=\"og:url\" content=\"https:\/\/ibne-sina.com\/tr\/about\/\" \/>\n<meta property=\"og:site_name\" content=\"\u0130bn Sina Petrokimya \u015eirketi\" \/>\n<meta property=\"article:modified_time\" content=\"2025-01-05T21:43:07+00:00\" \/>\n<meta name=\"twitter:card\" content=\"summary_large_image\" \/>\n<script type=\"application\/ld+json\" class=\"yoast-schema-graph\">{\"@context\":\"https:\/\/schema.org\",\"@graph\":[{\"@type\":\"WebPage\",\"@id\":\"https:\/\/ibne-sina.com\/tr\/about\/\",\"url\":\"https:\/\/ibne-sina.com\/tr\/about\/\",\"name\":\"Hakk\u0131m\u0131zda - Ibn Sina Petrokimya \u015eirketi\",\"isPartOf\":{\"@id\":\"https:\/\/ibne-sina.com\/tr\/#website\"},\"datePublished\":\"2024-08-11T15:53:09+00:00\",\"dateModified\":\"2025-01-05T21:43:07+00:00\",\"description\":\"Ibne Sina Petrokimya \u015eirketi, uzman y\u00f6netim ve teknik ekibi sayesinde \u0130ran'\u0131n petrokimya end\u00fcstrisinin geli\u015fiminde \u00f6nemli ilerlemeler kaydetmi\u015ftir.\",\"breadcrumb\":{\"@id\":\"https:\/\/ibne-sina.com\/tr\/about\/#breadcrumb\"},\"inLanguage\":\"tr\",\"potentialAction\":[{\"@type\":\"ReadAction\",\"target\":[\"https:\/\/ibne-sina.com\/tr\/about\/\"]}]},{\"@type\":\"BreadcrumbList\",\"@id\":\"https:\/\/ibne-sina.com\/tr\/about\/#breadcrumb\",\"itemListElement\":[{\"@type\":\"ListItem\",\"position\":1,\"name\":\"Ev\",\"item\":\"https:\/\/ibne-sina.com\/tr\/\"},{\"@type\":\"ListItem\",\"position\":2,\"name\":\"Hakk\u0131m\u0131zda\"}]},{\"@type\":\"WebSite\",\"@id\":\"https:\/\/ibne-sina.com\/tr\/#website\",\"url\":\"https:\/\/ibne-sina.com\/tr\/\",\"name\":\"\u0130bn Sina Petrokimya \u015eirketi\",\"description\":\"\",\"potentialAction\":[{\"@type\":\"SearchAction\",\"target\":{\"@type\":\"EntryPoint\",\"urlTemplate\":\"https:\/\/ibne-sina.com\/tr\/?s={search_term_string}\"},\"query-input\":{\"@type\":\"PropertyValueSpecification\",\"valueRequired\":true,\"valueName\":\"search_term_string\"}}],\"inLanguage\":\"tr\"}]}<\/script>\n<!-- \/ Yoast SEO Premium plugin. -->","yoast_head_json":{"title":"Hakk\u0131m\u0131zda - Ibn Sina Petrokimya \u015eirketi","description":"Ibne Sina Petrokimya \u015eirketi, uzman y\u00f6netim ve teknik ekibi sayesinde \u0130ran'\u0131n petrokimya end\u00fcstrisinin geli\u015fiminde \u00f6nemli ilerlemeler kaydetmi\u015ftir.","robots":{"index":"index","follow":"follow","max-snippet":"max-snippet:-1","max-image-preview":"max-image-preview:large","max-video-preview":"max-video-preview:-1"},"canonical":"https:\/\/ibne-sina.com\/tr\/about\/","og_locale":"tr_TR","og_type":"article","og_title":"Hakk\u0131m\u0131zda","og_description":"Ibne Sina Petrokimya \u015eirketi, uzman y\u00f6netim ve teknik ekibi sayesinde \u0130ran'\u0131n petrokimya end\u00fcstrisinin geli\u015fiminde \u00f6nemli ilerlemeler kaydetmi\u015ftir.","og_url":"https:\/\/ibne-sina.com\/tr\/about\/","og_site_name":"\u0130bn Sina Petrokimya \u015eirketi","article_modified_time":"2025-01-05T21:43:07+00:00","twitter_card":"summary_large_image","schema":{"@context":"https:\/\/schema.org","@graph":[{"@type":"WebPage","@id":"https:\/\/ibne-sina.com\/tr\/about\/","url":"https:\/\/ibne-sina.com\/tr\/about\/","name":"Hakk\u0131m\u0131zda - Ibn Sina Petrokimya \u015eirketi","isPartOf":{"@id":"https:\/\/ibne-sina.com\/tr\/#website"},"datePublished":"2024-08-11T15:53:09+00:00","dateModified":"2025-01-05T21:43:07+00:00","description":"Ibne Sina Petrokimya \u015eirketi, uzman y\u00f6netim ve teknik ekibi sayesinde \u0130ran'\u0131n petrokimya end\u00fcstrisinin geli\u015fiminde \u00f6nemli ilerlemeler kaydetmi\u015ftir.","breadcrumb":{"@id":"https:\/\/ibne-sina.com\/tr\/about\/#breadcrumb"},"inLanguage":"tr","potentialAction":[{"@type":"ReadAction","target":["https:\/\/ibne-sina.com\/tr\/about\/"]}]},{"@type":"BreadcrumbList","@id":"https:\/\/ibne-sina.com\/tr\/about\/#breadcrumb","itemListElement":[{"@type":"ListItem","position":1,"name":"Ev","item":"https:\/\/ibne-sina.com\/tr\/"},{"@type":"ListItem","position":2,"name":"Hakk\u0131m\u0131zda"}]},{"@type":"WebSite","@id":"https:\/\/ibne-sina.com\/tr\/#website","url":"https:\/\/ibne-sina.com\/tr\/","name":"\u0130bn Sina Petrokimya \u015eirketi","description":"","potentialAction":[{"@type":"SearchAction","target":{"@type":"EntryPoint","urlTemplate":"https:\/\/ibne-sina.com\/tr\/?s={search_term_string}"},"query-input":{"@type":"PropertyValueSpecification","valueRequired":true,"valueName":"search_term_string"}}],"inLanguage":"tr"}]}},"_links":{"self":[{"href":"https:\/\/ibne-sina.com\/tr\/wp-json\/wp\/v2\/pages\/269","targetHints":{"allow":["GET"]}}],"collection":[{"href":"https:\/\/ibne-sina.com\/tr\/wp-json\/wp\/v2\/pages"}],"about":[{"href":"https:\/\/ibne-sina.com\/tr\/wp-json\/wp\/v2\/types\/page"}],"author":[{"embeddable":true,"href":"https:\/\/ibne-sina.com\/tr\/wp-json\/wp\/v2\/users\/1"}],"replies":[{"embeddable":true,"href":"https:\/\/ibne-sina.com\/tr\/wp-json\/wp\/v2\/comments?post=269"}],"version-history":[{"count":2,"href":"https:\/\/ibne-sina.com\/tr\/wp-json\/wp\/v2\/pages\/269\/revisions"}],"predecessor-version":[{"id":511,"href":"https:\/\/ibne-sina.com\/tr\/wp-json\/wp\/v2\/pages\/269\/revisions\/511"}],"wp:attachment":[{"href":"https:\/\/ibne-sina.com\/tr\/wp-json\/wp\/v2\/media?parent=269"}],"curies":[{"name":"wp","href":"https:\/\/api.w.org\/{rel}","templated":true}]}}