{"id":383,"date":"2024-08-12T23:08:42","date_gmt":"2024-08-12T19:38:42","guid":{"rendered":"https:\/\/ibne-sina.com\/isobutane\/"},"modified":"2025-01-06T01:06:17","modified_gmt":"2025-01-05T21:36:17","slug":"isobutane","status":"publish","type":"page","link":"https:\/\/ibne-sina.com\/tr\/isobutane\/","title":{"rendered":"\u0130zob\u00fctan"},"content":{"rendered":"\n<pre class=\"wp-block-preformatted\">isobutane<\/pre>\n","protected":false},"excerpt":{"rendered":"<p>isobutane<\/p>\n","protected":false},"author":1,"featured_media":0,"parent":0,"menu_order":0,"comment_status":"closed","ping_status":"closed","template":"page-isobutane.php","meta":{"footnotes":""},"class_list":["post-383","page","type-page","status-publish","hentry"],"yoast_head":"<!-- This site is optimized with the Yoast SEO Premium plugin v24.1 (Yoast SEO v24.1) - https:\/\/yoast.com\/wordpress\/plugins\/seo\/ -->\n<title>\u0130ran&#039;dan \u0130zob\u00fctan(C4H10) sat\u0131n al\u0131m<\/title>\n<meta name=\"description\" content=\"\u0130zob\u00fctan, g\u0131da ve ila\u00e7 end\u00fcstrilerinde kullan\u0131lan, y\u00fcksek kalite ve g\u00fcvenlik standartlar\u0131nda Ibne Sina Petrokimya \u015eirketi&#039;nde temin edilebilir.\" \/>\n<meta name=\"robots\" content=\"index, follow, max-snippet:-1, max-image-preview:large, max-video-preview:-1\" \/>\n<link rel=\"canonical\" href=\"https:\/\/ibne-sina.com\/tr\/isobutane\/\" \/>\n<meta property=\"og:locale\" content=\"tr_TR\" \/>\n<meta property=\"og:type\" content=\"article\" \/>\n<meta property=\"og:title\" content=\"\u0130zob\u00fctan\" \/>\n<meta property=\"og:description\" content=\"\u0130zob\u00fctan, g\u0131da ve ila\u00e7 end\u00fcstrilerinde kullan\u0131lan, y\u00fcksek kalite ve g\u00fcvenlik standartlar\u0131nda Ibne Sina Petrokimya \u015eirketi&#039;nde temin edilebilir.\" \/>\n<meta property=\"og:url\" content=\"https:\/\/ibne-sina.com\/tr\/isobutane\/\" \/>\n<meta property=\"og:site_name\" content=\"\u0130bn Sina Petrokimya \u015eirketi\" \/>\n<meta property=\"article:modified_time\" content=\"2025-01-05T21:36:17+00:00\" \/>\n<meta name=\"twitter:card\" content=\"summary_large_image\" \/>\n<script type=\"application\/ld+json\" class=\"yoast-schema-graph\">{\"@context\":\"https:\/\/schema.org\",\"@graph\":[{\"@type\":\"WebPage\",\"@id\":\"https:\/\/ibne-sina.com\/tr\/isobutane\/\",\"url\":\"https:\/\/ibne-sina.com\/tr\/isobutane\/\",\"name\":\"\u0130ran'dan \u0130zob\u00fctan(C4H10) sat\u0131n al\u0131m\",\"isPartOf\":{\"@id\":\"https:\/\/ibne-sina.com\/tr\/#website\"},\"datePublished\":\"2024-08-12T19:38:42+00:00\",\"dateModified\":\"2025-01-05T21:36:17+00:00\",\"description\":\"\u0130zob\u00fctan, g\u0131da ve ila\u00e7 end\u00fcstrilerinde kullan\u0131lan, y\u00fcksek kalite ve g\u00fcvenlik standartlar\u0131nda Ibne Sina Petrokimya \u015eirketi'nde temin edilebilir.\",\"breadcrumb\":{\"@id\":\"https:\/\/ibne-sina.com\/tr\/isobutane\/#breadcrumb\"},\"inLanguage\":\"tr\",\"potentialAction\":[{\"@type\":\"ReadAction\",\"target\":[\"https:\/\/ibne-sina.com\/tr\/isobutane\/\"]}]},{\"@type\":\"BreadcrumbList\",\"@id\":\"https:\/\/ibne-sina.com\/tr\/isobutane\/#breadcrumb\",\"itemListElement\":[{\"@type\":\"ListItem\",\"position\":1,\"name\":\"Ev\",\"item\":\"https:\/\/ibne-sina.com\/tr\/\"},{\"@type\":\"ListItem\",\"position\":2,\"name\":\"\u0130zob\u00fctan\"}]},{\"@type\":\"WebSite\",\"@id\":\"https:\/\/ibne-sina.com\/tr\/#website\",\"url\":\"https:\/\/ibne-sina.com\/tr\/\",\"name\":\"\u0130bn Sina Petrokimya \u015eirketi\",\"description\":\"\",\"potentialAction\":[{\"@type\":\"SearchAction\",\"target\":{\"@type\":\"EntryPoint\",\"urlTemplate\":\"https:\/\/ibne-sina.com\/tr\/?s={search_term_string}\"},\"query-input\":{\"@type\":\"PropertyValueSpecification\",\"valueRequired\":true,\"valueName\":\"search_term_string\"}}],\"inLanguage\":\"tr\"}]}<\/script>\n<!-- \/ Yoast SEO Premium plugin. -->","yoast_head_json":{"title":"\u0130ran'dan \u0130zob\u00fctan(C4H10) sat\u0131n al\u0131m","description":"\u0130zob\u00fctan, g\u0131da ve ila\u00e7 end\u00fcstrilerinde kullan\u0131lan, y\u00fcksek kalite ve g\u00fcvenlik standartlar\u0131nda Ibne Sina Petrokimya \u015eirketi'nde temin edilebilir.","robots":{"index":"index","follow":"follow","max-snippet":"max-snippet:-1","max-image-preview":"max-image-preview:large","max-video-preview":"max-video-preview:-1"},"canonical":"https:\/\/ibne-sina.com\/tr\/isobutane\/","og_locale":"tr_TR","og_type":"article","og_title":"\u0130zob\u00fctan","og_description":"\u0130zob\u00fctan, g\u0131da ve ila\u00e7 end\u00fcstrilerinde kullan\u0131lan, y\u00fcksek kalite ve g\u00fcvenlik standartlar\u0131nda Ibne Sina Petrokimya \u015eirketi'nde temin edilebilir.","og_url":"https:\/\/ibne-sina.com\/tr\/isobutane\/","og_site_name":"\u0130bn Sina Petrokimya \u015eirketi","article_modified_time":"2025-01-05T21:36:17+00:00","twitter_card":"summary_large_image","schema":{"@context":"https:\/\/schema.org","@graph":[{"@type":"WebPage","@id":"https:\/\/ibne-sina.com\/tr\/isobutane\/","url":"https:\/\/ibne-sina.com\/tr\/isobutane\/","name":"\u0130ran'dan \u0130zob\u00fctan(C4H10) sat\u0131n al\u0131m","isPartOf":{"@id":"https:\/\/ibne-sina.com\/tr\/#website"},"datePublished":"2024-08-12T19:38:42+00:00","dateModified":"2025-01-05T21:36:17+00:00","description":"\u0130zob\u00fctan, g\u0131da ve ila\u00e7 end\u00fcstrilerinde kullan\u0131lan, y\u00fcksek kalite ve g\u00fcvenlik standartlar\u0131nda Ibne Sina Petrokimya \u015eirketi'nde temin edilebilir.","breadcrumb":{"@id":"https:\/\/ibne-sina.com\/tr\/isobutane\/#breadcrumb"},"inLanguage":"tr","potentialAction":[{"@type":"ReadAction","target":["https:\/\/ibne-sina.com\/tr\/isobutane\/"]}]},{"@type":"BreadcrumbList","@id":"https:\/\/ibne-sina.com\/tr\/isobutane\/#breadcrumb","itemListElement":[{"@type":"ListItem","position":1,"name":"Ev","item":"https:\/\/ibne-sina.com\/tr\/"},{"@type":"ListItem","position":2,"name":"\u0130zob\u00fctan"}]},{"@type":"WebSite","@id":"https:\/\/ibne-sina.com\/tr\/#website","url":"https:\/\/ibne-sina.com\/tr\/","name":"\u0130bn Sina Petrokimya \u015eirketi","description":"","potentialAction":[{"@type":"SearchAction","target":{"@type":"EntryPoint","urlTemplate":"https:\/\/ibne-sina.com\/tr\/?s={search_term_string}"},"query-input":{"@type":"PropertyValueSpecification","valueRequired":true,"valueName":"search_term_string"}}],"inLanguage":"tr"}]}},"_links":{"self":[{"href":"https:\/\/ibne-sina.com\/tr\/wp-json\/wp\/v2\/pages\/383","targetHints":{"allow":["GET"]}}],"collection":[{"href":"https:\/\/ibne-sina.com\/tr\/wp-json\/wp\/v2\/pages"}],"about":[{"href":"https:\/\/ibne-sina.com\/tr\/wp-json\/wp\/v2\/types\/page"}],"author":[{"embeddable":true,"href":"https:\/\/ibne-sina.com\/tr\/wp-json\/wp\/v2\/users\/1"}],"replies":[{"embeddable":true,"href":"https:\/\/ibne-sina.com\/tr\/wp-json\/wp\/v2\/comments?post=383"}],"version-history":[{"count":2,"href":"https:\/\/ibne-sina.com\/tr\/wp-json\/wp\/v2\/pages\/383\/revisions"}],"predecessor-version":[{"id":505,"href":"https:\/\/ibne-sina.com\/tr\/wp-json\/wp\/v2\/pages\/383\/revisions\/505"}],"wp:attachment":[{"href":"https:\/\/ibne-sina.com\/tr\/wp-json\/wp\/v2\/media?parent=383"}],"curies":[{"name":"wp","href":"https:\/\/api.w.org\/{rel}","templated":true}]}}