{"id":387,"date":"2024-08-12T12:29:04","date_gmt":"2024-08-12T08:59:04","guid":{"rendered":"https:\/\/ibne-sina.com\/maleicanhydride\/"},"modified":"2025-01-06T00:59:16","modified_gmt":"2025-01-05T21:29:16","slug":"maleicanhydride","status":"publish","type":"page","link":"https:\/\/ibne-sina.com\/tr\/maleicanhydride\/","title":{"rendered":"Maleik Anhidrit"},"content":{"rendered":"\n<pre class=\"wp-block-preformatted\">MaleicAnhydride<\/pre>\n\n<p><\/p>\n","protected":false},"excerpt":{"rendered":"<p>MaleicAnhydride<\/p>\n","protected":false},"author":1,"featured_media":0,"parent":0,"menu_order":0,"comment_status":"closed","ping_status":"closed","template":"templates\/page-maleic-anhydride.php","meta":{"footnotes":""},"class_list":["post-387","page","type-page","status-publish","hentry"],"yoast_head":"<!-- This site is optimized with the Yoast SEO Premium plugin v24.1 (Yoast SEO v24.1) - https:\/\/yoast.com\/wordpress\/plugins\/seo\/ -->\n<title>Maleik Anhidrit, \u0130ran&#039;dan y\u00fcksek kaliteli<\/title>\n<meta name=\"description\" content=\"Maleik Anhidrit, Ibn Sina Petrokimya \u015eirketi&#039;nin ana \u00fcr\u00fcnlerinden biri olup, bir\u00e7ok end\u00fcstriyel s\u00fcre\u00e7te ara madde olarak kullan\u0131lan organik bir kimyasal bile\u015fiktir.\" \/>\n<meta name=\"robots\" content=\"index, follow, max-snippet:-1, max-image-preview:large, max-video-preview:-1\" \/>\n<link rel=\"canonical\" href=\"https:\/\/ibne-sina.com\/tr\/maleicanhydride\/\" \/>\n<meta property=\"og:locale\" content=\"tr_TR\" \/>\n<meta property=\"og:type\" content=\"article\" \/>\n<meta property=\"og:title\" content=\"Maleik Anhidrit\" \/>\n<meta property=\"og:description\" content=\"Maleik Anhidrit, Ibn Sina Petrokimya \u015eirketi&#039;nin ana \u00fcr\u00fcnlerinden biri olup, bir\u00e7ok end\u00fcstriyel s\u00fcre\u00e7te ara madde olarak kullan\u0131lan organik bir kimyasal bile\u015fiktir.\" \/>\n<meta property=\"og:url\" content=\"https:\/\/ibne-sina.com\/tr\/maleicanhydride\/\" \/>\n<meta property=\"og:site_name\" content=\"\u0130bn Sina Petrokimya \u015eirketi\" \/>\n<meta property=\"article:modified_time\" content=\"2025-01-05T21:29:16+00:00\" \/>\n<meta name=\"twitter:card\" content=\"summary_large_image\" \/>\n<script type=\"application\/ld+json\" class=\"yoast-schema-graph\">{\"@context\":\"https:\/\/schema.org\",\"@graph\":[{\"@type\":\"WebPage\",\"@id\":\"https:\/\/ibne-sina.com\/tr\/maleicanhydride\/\",\"url\":\"https:\/\/ibne-sina.com\/tr\/maleicanhydride\/\",\"name\":\"Maleik Anhidrit, \u0130ran'dan y\u00fcksek kaliteli\",\"isPartOf\":{\"@id\":\"https:\/\/ibne-sina.com\/tr\/#website\"},\"datePublished\":\"2024-08-12T08:59:04+00:00\",\"dateModified\":\"2025-01-05T21:29:16+00:00\",\"description\":\"Maleik Anhidrit, Ibn Sina Petrokimya \u015eirketi'nin ana \u00fcr\u00fcnlerinden biri olup, bir\u00e7ok end\u00fcstriyel s\u00fcre\u00e7te ara madde olarak kullan\u0131lan organik bir kimyasal bile\u015fiktir.\",\"breadcrumb\":{\"@id\":\"https:\/\/ibne-sina.com\/tr\/maleicanhydride\/#breadcrumb\"},\"inLanguage\":\"tr\",\"potentialAction\":[{\"@type\":\"ReadAction\",\"target\":[\"https:\/\/ibne-sina.com\/tr\/maleicanhydride\/\"]}]},{\"@type\":\"BreadcrumbList\",\"@id\":\"https:\/\/ibne-sina.com\/tr\/maleicanhydride\/#breadcrumb\",\"itemListElement\":[{\"@type\":\"ListItem\",\"position\":1,\"name\":\"Ev\",\"item\":\"https:\/\/ibne-sina.com\/tr\/\"},{\"@type\":\"ListItem\",\"position\":2,\"name\":\"Maleik Anhidrit\"}]},{\"@type\":\"WebSite\",\"@id\":\"https:\/\/ibne-sina.com\/tr\/#website\",\"url\":\"https:\/\/ibne-sina.com\/tr\/\",\"name\":\"\u0130bn Sina Petrokimya \u015eirketi\",\"description\":\"\",\"potentialAction\":[{\"@type\":\"SearchAction\",\"target\":{\"@type\":\"EntryPoint\",\"urlTemplate\":\"https:\/\/ibne-sina.com\/tr\/?s={search_term_string}\"},\"query-input\":{\"@type\":\"PropertyValueSpecification\",\"valueRequired\":true,\"valueName\":\"search_term_string\"}}],\"inLanguage\":\"tr\"}]}<\/script>\n<!-- \/ Yoast SEO Premium plugin. -->","yoast_head_json":{"title":"Maleik Anhidrit, \u0130ran'dan y\u00fcksek kaliteli","description":"Maleik Anhidrit, Ibn Sina Petrokimya \u015eirketi'nin ana \u00fcr\u00fcnlerinden biri olup, bir\u00e7ok end\u00fcstriyel s\u00fcre\u00e7te ara madde olarak kullan\u0131lan organik bir kimyasal bile\u015fiktir.","robots":{"index":"index","follow":"follow","max-snippet":"max-snippet:-1","max-image-preview":"max-image-preview:large","max-video-preview":"max-video-preview:-1"},"canonical":"https:\/\/ibne-sina.com\/tr\/maleicanhydride\/","og_locale":"tr_TR","og_type":"article","og_title":"Maleik Anhidrit","og_description":"Maleik Anhidrit, Ibn Sina Petrokimya \u015eirketi'nin ana \u00fcr\u00fcnlerinden biri olup, bir\u00e7ok end\u00fcstriyel s\u00fcre\u00e7te ara madde olarak kullan\u0131lan organik bir kimyasal bile\u015fiktir.","og_url":"https:\/\/ibne-sina.com\/tr\/maleicanhydride\/","og_site_name":"\u0130bn Sina Petrokimya \u015eirketi","article_modified_time":"2025-01-05T21:29:16+00:00","twitter_card":"summary_large_image","schema":{"@context":"https:\/\/schema.org","@graph":[{"@type":"WebPage","@id":"https:\/\/ibne-sina.com\/tr\/maleicanhydride\/","url":"https:\/\/ibne-sina.com\/tr\/maleicanhydride\/","name":"Maleik Anhidrit, \u0130ran'dan y\u00fcksek kaliteli","isPartOf":{"@id":"https:\/\/ibne-sina.com\/tr\/#website"},"datePublished":"2024-08-12T08:59:04+00:00","dateModified":"2025-01-05T21:29:16+00:00","description":"Maleik Anhidrit, Ibn Sina Petrokimya \u015eirketi'nin ana \u00fcr\u00fcnlerinden biri olup, bir\u00e7ok end\u00fcstriyel s\u00fcre\u00e7te ara madde olarak kullan\u0131lan organik bir kimyasal bile\u015fiktir.","breadcrumb":{"@id":"https:\/\/ibne-sina.com\/tr\/maleicanhydride\/#breadcrumb"},"inLanguage":"tr","potentialAction":[{"@type":"ReadAction","target":["https:\/\/ibne-sina.com\/tr\/maleicanhydride\/"]}]},{"@type":"BreadcrumbList","@id":"https:\/\/ibne-sina.com\/tr\/maleicanhydride\/#breadcrumb","itemListElement":[{"@type":"ListItem","position":1,"name":"Ev","item":"https:\/\/ibne-sina.com\/tr\/"},{"@type":"ListItem","position":2,"name":"Maleik Anhidrit"}]},{"@type":"WebSite","@id":"https:\/\/ibne-sina.com\/tr\/#website","url":"https:\/\/ibne-sina.com\/tr\/","name":"\u0130bn Sina Petrokimya \u015eirketi","description":"","potentialAction":[{"@type":"SearchAction","target":{"@type":"EntryPoint","urlTemplate":"https:\/\/ibne-sina.com\/tr\/?s={search_term_string}"},"query-input":{"@type":"PropertyValueSpecification","valueRequired":true,"valueName":"search_term_string"}}],"inLanguage":"tr"}]}},"_links":{"self":[{"href":"https:\/\/ibne-sina.com\/tr\/wp-json\/wp\/v2\/pages\/387","targetHints":{"allow":["GET"]}}],"collection":[{"href":"https:\/\/ibne-sina.com\/tr\/wp-json\/wp\/v2\/pages"}],"about":[{"href":"https:\/\/ibne-sina.com\/tr\/wp-json\/wp\/v2\/types\/page"}],"author":[{"embeddable":true,"href":"https:\/\/ibne-sina.com\/tr\/wp-json\/wp\/v2\/users\/1"}],"replies":[{"embeddable":true,"href":"https:\/\/ibne-sina.com\/tr\/wp-json\/wp\/v2\/comments?post=387"}],"version-history":[{"count":2,"href":"https:\/\/ibne-sina.com\/tr\/wp-json\/wp\/v2\/pages\/387\/revisions"}],"predecessor-version":[{"id":502,"href":"https:\/\/ibne-sina.com\/tr\/wp-json\/wp\/v2\/pages\/387\/revisions\/502"}],"wp:attachment":[{"href":"https:\/\/ibne-sina.com\/tr\/wp-json\/wp\/v2\/media?parent=387"}],"curies":[{"name":"wp","href":"https:\/\/api.w.org\/{rel}","templated":true}]}}